{"id":7,"date":"2011-12-19T12:21:55","date_gmt":"2011-12-19T12:21:55","guid":{"rendered":"http:\/\/preview.ait-themes.com\/guesthouse\/?page_id=7"},"modified":"2018-11-21T13:23:27","modified_gmt":"2018-11-21T13:23:27","slug":"willkommen","status":"publish","type":"page","link":"http:\/\/www.hausbruno.at\/","title":{"rendered":"Willkommen"},"content":{"rendered":"<h1>\u00a0Herzliches Gr\u00fcss Gott im sch\u00f6nen Montafon!<\/h1>\n<p>&nbsp;<\/p>\n<h2>&#8222;Haus Bruno&#8220; ist f\u00fcr maximal 29 Personen mit 320 m\u00b2, 14 Zimmer, 25 Betten, 4 Ausziehsofas, ein Selbstversorgerhaus und wie folgt aufgeteilt:<\/h2>\n<table width=\"440\">\n<tbody>\n<tr>\n<td style=\"padding-left: 60px;\" width=\"88\">\n<h1><strong>\u00a0 \u00a0EG:<\/strong><\/h1>\n<\/td>\n<td width=\"352\">K\u00fcche(Gastronomiek\u00fcche), 2 Aufenthaltsr\u00e4ume ,Terasse mit Stein Grill sowie Unterschlupf H\u00fctte,Zimmer: 1 Doppelzimmer, 1 Einzelzimmer, 2 WC, 1 Dusche<\/td>\n<\/tr>\n<tr>\n<td style=\"padding-left: 60px;\" width=\"88\">\n<h1><strong>1 OG:<\/strong><\/h1>\n<\/td>\n<td width=\"352\">4 Doppelzimmer (3 mit Ausziehsofa f\u00fcr je 1 Person),1 Einzelzimmer, 1 WC, 2 Duschen, Balkon<\/td>\n<\/tr>\n<tr>\n<td style=\"padding-left: 60px;\" width=\"88\">\n<h1><strong>2 OG:<\/strong><\/h1>\n<\/td>\n<td width=\"352\">5 Doppelzimmer (1 mit Ausziehsofa f\u00fcr 1 Person),3 Einzelzimmer, 1 WC, 1 Dusche, Balkon<\/td>\n<\/tr>\n<\/tbody>\n<\/table>\n<p>Das Ferienhaus &#8222;Haus Bruno&#8220; liegt in sch\u00f6ner und ruhiger Lage am Ortsrand von Vandans und ist mit dem Auto direkt erreichbar.<\/p>\n<p>Genie\u00dfen Sie ein paar Tage bei uns im sch\u00f6nen Montafon. Das Haus Bruno liegt nur wenige Minuten vom Ortskern Vandans oder Schruns entfernt. Zur Talstation der Gomerbahn sind es nur ca. 5 Gehminuten. Lassen Sie bei uns Ihre Seele baumeln und sind Sie Ihr eigener &#8222;Chef&#8220; &#8211; das Selbstversorger-Ferienhaus bietet Ihnen jede Menge M\u00f6glichkeiten dazu.<\/p>\n<h2 class=\"widget-title\" style=\"text-align: center;\"><strong>Unser Kontakt:\u00a0<\/strong><\/h2>\n<div class=\"textwidget\">\n<p style=\"text-align: center;\">Haus Bruno\u2028 | Wachter Ewald<br \/>\nInnerbachstr. 36\u2028 | A- 6773 Vandans<\/p>\n<p style=\"text-align: center;\"><a href=\"&#x6d;&#x61;&#x69;&#108;&#116;o:&#x69;&#x6e;&#x66;&#x6f;&#64;&#104;au&#x73;&#x62;&#x72;&#117;&#110;&#111;&#46;a&#x74;\">&#105;&#x6e;&#102;&#x6f;&#64;&#x68;&#97;&#x75;&#115;&#x62;&#114;&#x75;&#110;&#x6f;&#46;&#x61;&#116;<\/a><\/p>\n<p style=\"text-align: center;\">Mobil.: +43 (0) 664\/2603859<br \/>\nTel.: +43 (0) 5556\/74332<\/p>\n<div class=\"sc-column one-half\"><br \/>\n<div class=\"frame light \"><div class=\"frame-wrap\" style=\"background: #dadad8; border-color: #dadad8;\"><div class=\"frame-inner\"><strong>Im Winter<\/strong> haben Sie die M\u00f6glichkeit auf \u00fcber 60 Liftanlagen im Montafon Schi- und Snowboard zu fahren. Bei gen\u00fcgend Schneelage ist das Haus direkt von der Schipiste Golm\u00a0zu erreichen\n<p><\/p><\/div><\/div><\/div><br \/>\n<\/div>\n<div class=\"sc-column sc-column-last one-half-last\"><br \/>\n<div class=\"frame light \"><div class=\"frame-wrap\" style=\"background: #dadad8; border-color: #dadad8;\"><div class=\"frame-inner\"><strong>Im Sommer &amp; Herbst<\/strong> k\u00f6nnen Sie Wandern, Bergsteigen, Mountainbiken oder im Erlebnisbad sich vom Alltag erholen. In Vandans gibt es auch einen coolen Alpin Coaster.\n<p><\/p><\/div><\/div><\/div><br \/>\n<\/div><div class=\"clearing\"><\/div>\n<h2>Reservieren Sie Ihre Zimmer noch heute &#8211; <a href=\"http:\/\/www.hausbruno.at\/?page_id=4177\">hier gehts zur Anmeldung<\/a><\/h2>\n<p>&nbsp;<\/p>\n<\/div>\n","protected":false},"excerpt":{"rendered":"<p>\u00a0Herzliches Gr\u00fcss Gott im sch\u00f6nen Montafon! &nbsp; &#8222;Haus Bruno&#8220; ist f\u00fcr maximal 29 Personen mit 320 m\u00b2, 14 Zimmer, 25 Betten, 4 Ausziehsofas, ein Selbstversorgerhaus und wie folgt aufgeteilt: \u00a0 \u00a0EG: K\u00fcche(Gastronomiek\u00fcche), 2 Aufenthaltsr\u00e4ume ,Terasse mit Stein Grill sowie Unterschlupf H\u00fctte,Zimmer: 1 Doppelzimmer, 1 Einzelzimmer, 2 WC, 1 Dusche 1 OG: 4 Doppelzimmer (3 mit [&hellip;]<\/p>\n","protected":false},"author":1,"featured_media":0,"parent":0,"menu_order":0,"comment_status":"open","ping_status":"closed","template":"page-fullwidth.php","meta":{"footnotes":""},"_links":{"self":[{"href":"http:\/\/www.hausbruno.at\/index.php?rest_route=\/wp\/v2\/pages\/7"}],"collection":[{"href":"http:\/\/www.hausbruno.at\/index.php?rest_route=\/wp\/v2\/pages"}],"about":[{"href":"http:\/\/www.hausbruno.at\/index.php?rest_route=\/wp\/v2\/types\/page"}],"author":[{"embeddable":true,"href":"http:\/\/www.hausbruno.at\/index.php?rest_route=\/wp\/v2\/users\/1"}],"replies":[{"embeddable":true,"href":"http:\/\/www.hausbruno.at\/index.php?rest_route=%2Fwp%2Fv2%2Fcomments&post=7"}],"version-history":[{"count":24,"href":"http:\/\/www.hausbruno.at\/index.php?rest_route=\/wp\/v2\/pages\/7\/revisions"}],"predecessor-version":[{"id":5119,"href":"http:\/\/www.hausbruno.at\/index.php?rest_route=\/wp\/v2\/pages\/7\/revisions\/5119"}],"wp:attachment":[{"href":"http:\/\/www.hausbruno.at\/index.php?rest_route=%2Fwp%2Fv2%2Fmedia&parent=7"}],"curies":[{"name":"wp","href":"https:\/\/api.w.org\/{rel}","templated":true}]}}