{"id":387,"date":"2011-07-22T11:02:01","date_gmt":"2011-07-22T11:02:01","guid":{"rendered":"http:\/\/wp.compound.ait.sk\/?page_id=387"},"modified":"2018-11-21T08:48:05","modified_gmt":"2018-11-21T08:48:05","slug":"about-site","status":"publish","type":"page","link":"http:\/\/www.hausbruno.at\/?page_id=387","title":{"rendered":"Unser Ferienhaus"},"content":{"rendered":"<h2>&#8222;Haus Bruno&#8220; ist f\u00fcr maximal 29 Personen mit 320 m\u00b2, 14 Zimmer, 25 Betten, 4 Ausziehsofas, ein Selbstversorgerhaus und wie folgt aufgeteilt:<\/h2>\n<p>&nbsp;<\/p>\n<table width=\"440\">\n<tbody>\n<tr>\n<td style=\"padding-left: 60px;\" width=\"88\">\n<h1><strong>\u00a0 \u00a0EG:<\/strong><\/h1>\n<\/td>\n<td width=\"352\">K\u00fcche(Gastronomiek\u00fcche), 2 Aufenthaltsr\u00e4ume ,Terasse mit Stein Grill sowie Unterschlupf H\u00fctte,Zimmer: 1 Doppelzimmer, 1 Einzelzimmer, 2 WC, 1 Dusche<\/td>\n<\/tr>\n<tr>\n<td style=\"padding-left: 60px;\" width=\"88\">\n<h1><strong>1 OG:<\/strong><\/h1>\n<\/td>\n<td width=\"352\">4 Doppelzimmer (3 mit Ausziehsofa f\u00fcr je 1 Person),1 Einzelzimmer, 1 WC, 2 Duschen, Balkon<\/td>\n<\/tr>\n<tr>\n<td style=\"padding-left: 60px;\" width=\"88\">\n<h1><strong>2 OG:<\/strong><\/h1>\n<\/td>\n<td width=\"352\">5 Doppelzimmer (1 mit Ausziehsofa f\u00fcr 1 Person),3 Einzelzimmer, 1 WC, 1 Dusche, Balkon<\/td>\n<\/tr>\n<\/tbody>\n<\/table>\n<p>&nbsp;<\/p>\n<p><a href=\"http:\/\/www.hausbruno.at\/wp-content\/uploads\/2015\/05\/Sommerneu.jpg\"><img loading=\"lazy\" decoding=\"async\" class=\"alignnone size-thumbnail wp-image-4874\" src=\"http:\/\/www.hausbruno.at\/wp-content\/uploads\/2015\/05\/Sommerneu-150x150.jpg\" alt=\"Sommerneu\" width=\"150\" height=\"150\" srcset=\"http:\/\/www.hausbruno.at\/wp-content\/uploads\/2015\/05\/Sommerneu-150x150.jpg 150w, http:\/\/www.hausbruno.at\/wp-content\/uploads\/2015\/05\/Sommerneu-300x300.jpg 300w, http:\/\/www.hausbruno.at\/wp-content\/uploads\/2015\/05\/Sommerneu-1024x1024.jpg 1024w\" sizes=\"(max-width: 150px) 100vw, 150px\" \/><\/a>\u00a0 \u00a0<a href=\"http:\/\/www.hausbruno.at\/wp-content\/uploads\/2012\/01\/Einzelzimmer2OG.jpg\"><img loading=\"lazy\" decoding=\"async\" class=\"alignnone size-thumbnail wp-image-4894\" src=\"http:\/\/www.hausbruno.at\/wp-content\/uploads\/2012\/01\/Einzelzimmer2OG-150x150.jpg\" alt=\"Einzelzimmer2OG\" width=\"150\" height=\"150\" srcset=\"http:\/\/www.hausbruno.at\/wp-content\/uploads\/2012\/01\/Einzelzimmer2OG-150x150.jpg 150w, http:\/\/www.hausbruno.at\/wp-content\/uploads\/2012\/01\/Einzelzimmer2OG-300x300.jpg 300w, http:\/\/www.hausbruno.at\/wp-content\/uploads\/2012\/01\/Einzelzimmer2OG-1024x1024.jpg 1024w\" sizes=\"(max-width: 150px) 100vw, 150px\" \/><\/a>\u00a0 \u00a0<a href=\"http:\/\/www.hausbruno.at\/wp-content\/uploads\/2012\/01\/Aufgang1OG.jpg\"><img loading=\"lazy\" decoding=\"async\" class=\"alignnone size-thumbnail wp-image-4900\" src=\"http:\/\/www.hausbruno.at\/wp-content\/uploads\/2012\/01\/Aufgang1OG-150x150.jpg\" alt=\"Aufgang1OG\" width=\"150\" height=\"150\" srcset=\"http:\/\/www.hausbruno.at\/wp-content\/uploads\/2012\/01\/Aufgang1OG-150x150.jpg 150w, http:\/\/www.hausbruno.at\/wp-content\/uploads\/2012\/01\/Aufgang1OG-300x300.jpg 300w, http:\/\/www.hausbruno.at\/wp-content\/uploads\/2012\/01\/Aufgang1OG-1024x1024.jpg 1024w\" sizes=\"(max-width: 150px) 100vw, 150px\" \/><\/a>\u00a0 \u00a0<a href=\"http:\/\/www.hausbruno.at\/wp-content\/uploads\/2012\/01\/Foto.jpg\"><img loading=\"lazy\" decoding=\"async\" class=\"alignnone size-thumbnail wp-image-4923\" src=\"http:\/\/www.hausbruno.at\/wp-content\/uploads\/2012\/01\/Foto-150x150.jpg\" alt=\"Foto\" width=\"150\" height=\"150\" srcset=\"http:\/\/www.hausbruno.at\/wp-content\/uploads\/2012\/01\/Foto-150x150.jpg 150w, http:\/\/www.hausbruno.at\/wp-content\/uploads\/2012\/01\/Foto-300x300.jpg 300w, http:\/\/www.hausbruno.at\/wp-content\/uploads\/2012\/01\/Foto-1024x1024.jpg 1024w\" sizes=\"(max-width: 150px) 100vw, 150px\" \/><\/a>\u00a0 \u00a0<a href=\"http:\/\/www.hausbruno.at\/wp-content\/uploads\/2015\/05\/haus_winter.jpg\"><img loading=\"lazy\" decoding=\"async\" class=\"alignnone size-thumbnail wp-image-4873\" src=\"http:\/\/www.hausbruno.at\/wp-content\/uploads\/2015\/05\/haus_winter-150x150.jpg\" alt=\"haus_winter\" width=\"150\" height=\"150\" srcset=\"http:\/\/www.hausbruno.at\/wp-content\/uploads\/2015\/05\/haus_winter-150x150.jpg 150w, http:\/\/www.hausbruno.at\/wp-content\/uploads\/2015\/05\/haus_winter-300x300.jpg 300w, http:\/\/www.hausbruno.at\/wp-content\/uploads\/2015\/05\/haus_winter-1024x1024.jpg 1024w\" sizes=\"(max-width: 150px) 100vw, 150px\" \/><\/a>\u00a0 \u00a0<a href=\"http:\/\/www.hausbruno.at\/wp-content\/uploads\/2012\/01\/Foto-4.jpg\"><img loading=\"lazy\" decoding=\"async\" class=\"alignnone size-thumbnail wp-image-4921\" src=\"http:\/\/www.hausbruno.at\/wp-content\/uploads\/2012\/01\/Foto-4-150x150.jpg\" alt=\"Foto 4\" width=\"150\" height=\"150\" srcset=\"http:\/\/www.hausbruno.at\/wp-content\/uploads\/2012\/01\/Foto-4-150x150.jpg 150w, http:\/\/www.hausbruno.at\/wp-content\/uploads\/2012\/01\/Foto-4-300x300.jpg 300w, http:\/\/www.hausbruno.at\/wp-content\/uploads\/2012\/01\/Foto-4-1024x1024.jpg 1024w\" sizes=\"(max-width: 150px) 100vw, 150px\" \/><\/a><\/p>\n<p><strong>Zus\u00e4tzlich im Haus vorhanden: Waschmaschine, Trockner, Gefriertruhe sowie Bettw\u00e4sche jedoch Kostenpflichtig pro\u00a0Person EUR 11,-. Flie\u00dfwasser ist in jedem Zimmer vorhanden. <\/strong><\/p>\n<p><strong>Service die wir anbieten: Br\u00f6tchenservice<\/strong><\/p>\n<p>Weiters stehen Ihnen im Winter nat\u00fcrlich einen extra <strong>Schiraum mit Schischuhtrockner<\/strong> zur Verf\u00fcgung.<\/p>\n<p>Im Sommer gibt es vor dem Haus eine tolle <strong>Grillm\u00f6glichkeit<\/strong> auf der Terrasse!<\/p>\n<p>Wir hoffen Ihnen unser Haus interessant gemacht zu haben und w\u00fcrden uns sehr dar\u00fcber freuen wenn Sie Ihren n\u00e4chsten Urlaub bei uns im Haus Bruno verbringen w\u00fcrden.<\/p>\n\n<div class=\"sc-column one-third\"> <div class=\"frame  \"><div class=\"frame-wrap\" style=\"\"><div class=\"frame-inner\">\n<h2>die K\u00fcche<\/h2>\n<p><a href=\"http:\/\/www.hausbruno.at\/wp-content\/uploads\/2012\/01\/kueche2.jpg\"><img loading=\"lazy\" decoding=\"async\" class=\"alignnone size-full wp-image-4904\" src=\"http:\/\/www.hausbruno.at\/wp-content\/uploads\/2012\/01\/kueche2.jpg\" alt=\"kueche2\" width=\"400\" height=\"300\" \/><\/a><\/p>\n<p><strong>Die K\u00fcche ist voll ausgestattet und beinhaltet folgendes:<\/strong><\/p>\n<ul>\n<li>Kaffeemaschienen<\/li>\n<li>Sp\u00fchlmaschine<\/li>\n<li>Kippfanne<\/li>\n<li>Konfektomat (f\u00fcr alle Speisen)<\/li>\n<li>Brotschneidemaschine<\/li>\n<li>Elektro Herd + Backofen<\/li>\n<li>2 St\u00fcck K\u00fchlschr\u00e4nke<\/li>\n<li>Geschirr<\/li>\n<li>Besteck<\/li>\n<li>&#8230;<\/li>\n<\/ul>\n<\/div><\/div><\/div> <\/div>\n<div class=\"sc-column one-third\"> <div class=\"frame  \"><div class=\"frame-wrap\" style=\"\"><div class=\"frame-inner\">\n<h2>der Aufenthaltsraum:<\/h2>\n<h2><a href=\"http:\/\/www.hausbruno.at\/wp-content\/uploads\/2012\/01\/auf1.jpg\"><img loading=\"lazy\" decoding=\"async\" class=\" size-full wp-image-4898 alignnone\" src=\"http:\/\/www.hausbruno.at\/wp-content\/uploads\/2012\/01\/auf1.jpg\" alt=\"auf1\" width=\"400\" height=\"300\" \/><\/a><\/h2>\n<ul>\n<li>TV<\/li>\n<li>WLAN<\/li>\n<li>DVD-Player<\/li>\n<li>Video Recorder<\/li>\n<li>Stereoanlage<\/li>\n<\/ul>\n<\/div><\/div><\/div> <\/div>\n<div class=\"sc-column sc-column-last one-third-last\"> <div class=\"frame  \"><div class=\"frame-wrap\" style=\"\"><div class=\"frame-inner\">\n<h2>die Zimmer:<\/h2>\n<p><a href=\"http:\/\/www.hausbruno.at\/wp-content\/uploads\/2012\/01\/Doppelzimmer1.jpg\"><img loading=\"lazy\" decoding=\"async\" class=\"alignnone wp-image-4909\" src=\"http:\/\/www.hausbruno.at\/wp-content\/uploads\/2012\/01\/Doppelzimmer1.jpg\" alt=\"Doppelzimmer\" width=\"400\" height=\"300\" \/><\/a><\/p>\n<ul>\n<li><small style=\"display: block; line-height: 18px; padding-bottom: 3px;\">Unsere Zimmer sind einfach und bequem eingerichtet. <\/small><\/li>\n<li><small style=\"display: block; line-height: 18px; padding-bottom: 3px;\">Gem\u00fctlichkeit steht in Ihrem Urlaub an erster Stelle. Deshalb liegt das Haus Bruno in absolut ruhiger Lage. <\/small><\/li>\n<li><small style=\"display: block; line-height: 18px; padding-bottom: 3px;\">Genie\u00dfen Sie einfach!\n<\/small><\/li>\n<\/ul>\n<\/div><\/div><\/div> <\/div><div class=\"clearing\"><\/div>\n<h1>Wir freuen uns auf Sie! <a href=\"http:\/\/www.hausbruno.at\/?page_id=4177\">-&gt; ANFRAGE<\/a><\/h1>\n<p>&nbsp;<\/p>\n","protected":false},"excerpt":{"rendered":"<p>&#8222;Haus Bruno&#8220; ist f\u00fcr maximal 29 Personen mit 320 m\u00b2, 14 Zimmer, 25 Betten, 4 Ausziehsofas, ein Selbstversorgerhaus und wie folgt aufgeteilt: &nbsp; \u00a0 \u00a0EG: K\u00fcche(Gastronomiek\u00fcche), 2 Aufenthaltsr\u00e4ume ,Terasse mit Stein Grill sowie Unterschlupf H\u00fctte,Zimmer: 1 Doppelzimmer, 1 Einzelzimmer, 2 WC, 1 Dusche 1 OG: 4 Doppelzimmer (3 mit Ausziehsofa f\u00fcr je 1 Person),1 Einzelzimmer, [&hellip;]<\/p>\n","protected":false},"author":1,"featured_media":0,"parent":0,"menu_order":10,"comment_status":"closed","ping_status":"closed","template":"page-fullwidth.php","meta":{"footnotes":""},"_links":{"self":[{"href":"http:\/\/www.hausbruno.at\/index.php?rest_route=\/wp\/v2\/pages\/387"}],"collection":[{"href":"http:\/\/www.hausbruno.at\/index.php?rest_route=\/wp\/v2\/pages"}],"about":[{"href":"http:\/\/www.hausbruno.at\/index.php?rest_route=\/wp\/v2\/types\/page"}],"author":[{"embeddable":true,"href":"http:\/\/www.hausbruno.at\/index.php?rest_route=\/wp\/v2\/users\/1"}],"replies":[{"embeddable":true,"href":"http:\/\/www.hausbruno.at\/index.php?rest_route=%2Fwp%2Fv2%2Fcomments&post=387"}],"version-history":[{"count":26,"href":"http:\/\/www.hausbruno.at\/index.php?rest_route=\/wp\/v2\/pages\/387\/revisions"}],"predecessor-version":[{"id":5114,"href":"http:\/\/www.hausbruno.at\/index.php?rest_route=\/wp\/v2\/pages\/387\/revisions\/5114"}],"wp:attachment":[{"href":"http:\/\/www.hausbruno.at\/index.php?rest_route=%2Fwp%2Fv2%2Fmedia&parent=387"}],"curies":[{"name":"wp","href":"https:\/\/api.w.org\/{rel}","templated":true}]}}